{"id":163,"date":"2022-06-08T08:28:16","date_gmt":"2022-06-08T06:28:16","guid":{"rendered":"https:\/\/p-p-d.ch\/wp\/?page_id=163"},"modified":"2022-06-09T10:50:14","modified_gmt":"2022-06-09T08:50:14","slug":"partner-christoph-burckhardt","status":"publish","type":"page","link":"https:\/\/p-p-d.ch\/wp\/partner-christoph-burckhardt\/","title":{"rendered":"Partner &#8211; Christoph Burckhardt"},"content":{"rendered":"\n<figure class=\"wp-block-image size-medium\"><img loading=\"lazy\" decoding=\"async\" width=\"227\" height=\"300\" src=\"https:\/\/p-p-d.ch\/wp\/wp-content\/uploads\/2022\/06\/Christoph-Burckhardt-227x300.jpg\" alt=\"\" class=\"wp-image-164\" srcset=\"https:\/\/p-p-d.ch\/wp\/wp-content\/uploads\/2022\/06\/Christoph-Burckhardt-227x300.jpg 227w, https:\/\/p-p-d.ch\/wp\/wp-content\/uploads\/2022\/06\/Christoph-Burckhardt.jpg 644w\" sizes=\"auto, (max-width: 227px) 100vw, 227px\" \/><\/figure>\n\n\n\n<figure class=\"wp-block-image size-full is-resized\"><img loading=\"lazy\" decoding=\"async\" src=\"https:\/\/p-p-d.ch\/wp\/wp-content\/uploads\/2022\/06\/Structogram_Christoph_Burckhardt.png\" alt=\"\" class=\"wp-image-278\" width=\"57\" height=\"53\"\/><\/figure>\n\n\n\n<p>Seine Verkaufs- und Managementerfahrungen aus der Vergangenheit f\u00fchrten Christoph Burckhardt 1991 zur Firma Mercuri International mit (\u00fcber 750 Trainer weltweit). Dort holte er sich das methodische und didaktische R\u00fcstzeug f\u00fcr eine erfolgreiche Trainerlaufbahn. Dem Verkauf ist er als Praktiker treu geblieben, da alle Mercuri Consultants f\u00fcr die Akquisition und den Seminarverkauf selber verantwortlich waren.<\/p>\n\n\n\n<p>Nach vier Jahren bei Mercuri International wurde er Senior Consultant und hatte zus\u00e4tzlich zu seinen Verkaufs- und Trainingsaktivit\u00e4ten nun auch noch die F\u00fchrungsverantwortung f\u00fcr ein Consulting-Team. Zus\u00e4tzlich war er&nbsp;in internationalen Ausbildungsprojekten im Einsatz.<\/p>\n\n\n\n<p>Im Jahr 2000 konnte er nach einer ordentlichen Betriebsschliessung von Mercuri International in der Schweiz seinen Kundenstamm \u00fcbernehmen und gr\u00fcndete die Firma ppd.<\/p>\n\n\n\n<p>Seit 2002 ist er lizenzierter Trainer f\u00fcr Structogram und Triogram und integriert seither &#8222;The people side of Business&#8220; st\u00e4rker als je zuvor.<\/p>\n\n\n\n<p>Sein Wissen gibt er heute in einem eigens daf\u00fcr entwickelten Partnerkonzept an k\u00fcnftige Erfolgstrainer weiter, welche bereit sind, in die Selbstst\u00e4ndigkeit zu gehen.<\/p>\n\n\n\n<p><a href=\"mailto:christoph.burckhardt@p-p-d.ch\">christoph.burckhardt@p-p-d.ch<\/a><\/p>\n","protected":false},"excerpt":{"rendered":"<p>Seine Verkaufs- und Managementerfahrungen aus der Vergangenheit f\u00fchrten Christoph Burckhardt 1991 zur Firma Mercuri International mit (\u00fcber 750 Trainer weltweit). Dort holte er sich das methodische und didaktische R\u00fcstzeug f\u00fcr eine erfolgreiche Trainerlaufbahn. Dem Verkauf ist er als Praktiker treu geblieben, da alle Mercuri Consultants f\u00fcr die Akquisition und den Seminarverkauf selber verantwortlich waren. Nach &#8230; <a title=\"Partner &#8211; Christoph Burckhardt\" class=\"read-more\" href=\"https:\/\/p-p-d.ch\/wp\/partner-christoph-burckhardt\/\" aria-label=\"Mehr Informationen \u00fcber Partner &#8211; Christoph Burckhardt\">Weiterlesen<\/a><\/p>\n","protected":false},"author":1,"featured_media":0,"parent":0,"menu_order":0,"comment_status":"closed","ping_status":"closed","template":"","meta":{"footnotes":""},"class_list":["post-163","page","type-page","status-publish"],"_links":{"self":[{"href":"https:\/\/p-p-d.ch\/wp\/wp-json\/wp\/v2\/pages\/163","targetHints":{"allow":["GET"]}}],"collection":[{"href":"https:\/\/p-p-d.ch\/wp\/wp-json\/wp\/v2\/pages"}],"about":[{"href":"https:\/\/p-p-d.ch\/wp\/wp-json\/wp\/v2\/types\/page"}],"author":[{"embeddable":true,"href":"https:\/\/p-p-d.ch\/wp\/wp-json\/wp\/v2\/users\/1"}],"replies":[{"embeddable":true,"href":"https:\/\/p-p-d.ch\/wp\/wp-json\/wp\/v2\/comments?post=163"}],"version-history":[{"count":7,"href":"https:\/\/p-p-d.ch\/wp\/wp-json\/wp\/v2\/pages\/163\/revisions"}],"predecessor-version":[{"id":281,"href":"https:\/\/p-p-d.ch\/wp\/wp-json\/wp\/v2\/pages\/163\/revisions\/281"}],"wp:attachment":[{"href":"https:\/\/p-p-d.ch\/wp\/wp-json\/wp\/v2\/media?parent=163"}],"curies":[{"name":"wp","href":"https:\/\/api.w.org\/{rel}","templated":true}]}}